{"id":1907,"date":"2019-01-10T18:30:33","date_gmt":"2019-01-10T17:30:33","guid":{"rendered":"https:\/\/www.villa-emma.eu\/cheque-cadeau\/"},"modified":"2024-12-28T20:25:20","modified_gmt":"2024-12-28T19:25:20","slug":"cheque-cadeau","status":"publish","type":"page","link":"https:\/\/www.villa-emma.eu\/fr\/cheque-cadeau\/","title":{"rendered":"Cheque cadeau"},"content":{"rendered":"\t\t<div data-elementor-type=\"wp-post\" data-elementor-id=\"1907\" class=\"elementor elementor-1907 elementor-52\">\n\t\t\t\t\t\t<section class=\"elementor-section elementor-top-section elementor-element elementor-element-e505117 elementor-section-boxed elementor-section-height-default elementor-section-height-default\" data-id=\"e505117\" data-element_type=\"section\" data-e-type=\"section\">\n\t\t\t\t\t\t<div class=\"elementor-container elementor-column-gap-default\">\n\t\t\t\t\t<div class=\"elementor-column elementor-col-100 elementor-top-column elementor-element elementor-element-02ddd5b\" data-id=\"02ddd5b\" data-element_type=\"column\" data-e-type=\"column\">\n\t\t\t<div class=\"elementor-widget-wrap elementor-element-populated\">\n\t\t\t\t\t\t<div class=\"elementor-element elementor-element-d2ed39a elementor-widget elementor-widget-text-editor\" data-id=\"d2ed39a\" data-element_type=\"widget\" data-e-type=\"widget\" data-widget_type=\"text-editor.default\">\n\t\t\t\t<div class=\"elementor-widget-container\">\n\t\t\t\t\t\t\t\t\t<p>Avec le ch\u00e8que-cadeau Villa-Emma, vous pouvez choisir le cadeau id\u00e9al:<\/p>\t\t\t\t\t\t\t\t<\/div>\n\t\t\t\t<\/div>\n\t\t\t\t\t<\/div>\n\t\t<\/div>\n\t\t\t\t\t<\/div>\n\t\t<\/section>\n\t\t\t\t<section class=\"elementor-section elementor-top-section elementor-element elementor-element-e0e12da elementor-section-boxed elementor-section-height-default elementor-section-height-default\" data-id=\"e0e12da\" data-element_type=\"section\" data-e-type=\"section\">\n\t\t\t\t\t\t<div class=\"elementor-container elementor-column-gap-default\">\n\t\t\t\t\t<div class=\"elementor-column elementor-col-50 elementor-top-column elementor-element elementor-element-e239efa\" data-id=\"e239efa\" data-element_type=\"column\" data-e-type=\"column\">\n\t\t\t<div class=\"elementor-widget-wrap elementor-element-populated\">\n\t\t\t\t\t\t<div class=\"elementor-element elementor-element-06f9526 elementor-widget elementor-widget-image\" data-id=\"06f9526\" data-element_type=\"widget\" data-e-type=\"widget\" data-widget_type=\"image.default\">\n\t\t\t\t<div class=\"elementor-widget-container\">\n\t\t\t\t\t\t\t\t\t\t\t\t\t\t\t<img fetchpriority=\"high\" decoding=\"async\" width=\"1024\" height=\"680\" src=\"https:\/\/www.villa-emma.eu\/wp-content\/uploads\/2017\/10\/opheliasfinks-1024x680.jpg\" class=\"attachment-large size-large wp-image-1740\" alt=\"\" srcset=\"https:\/\/www.villa-emma.eu\/wp-content\/uploads\/2017\/10\/opheliasfinks-1024x680.jpg 1024w, https:\/\/www.villa-emma.eu\/wp-content\/uploads\/2017\/10\/opheliasfinks-e1511354174991-600x398.jpg 600w, https:\/\/www.villa-emma.eu\/wp-content\/uploads\/2017\/10\/opheliasfinks-300x199.jpg 300w, https:\/\/www.villa-emma.eu\/wp-content\/uploads\/2017\/10\/opheliasfinks-768x510.jpg 768w, https:\/\/www.villa-emma.eu\/wp-content\/uploads\/2017\/10\/opheliasfinks-e1511354174991.jpg 1054w\" sizes=\"(max-width: 1024px) 100vw, 1024px\" \/>\t\t\t\t\t\t\t\t\t\t\t\t\t\t\t<\/div>\n\t\t\t\t<\/div>\n\t\t\t\t\t<\/div>\n\t\t<\/div>\n\t\t\t\t<div class=\"elementor-column elementor-col-50 elementor-top-column elementor-element elementor-element-7d30746\" data-id=\"7d30746\" data-element_type=\"column\" data-e-type=\"column\">\n\t\t\t<div class=\"elementor-widget-wrap elementor-element-populated\">\n\t\t\t\t\t\t<div class=\"elementor-element elementor-element-3530827 elementor-align-justify elementor-widget elementor-widget-button\" data-id=\"3530827\" data-element_type=\"widget\" data-e-type=\"widget\" data-widget_type=\"button.default\">\n\t\t\t\t<div class=\"elementor-widget-container\">\n\t\t\t\t\t\t\t\t\t<div class=\"elementor-button-wrapper\">\n\t\t\t\t\t<a class=\"elementor-button elementor-button-link elementor-size-sm\" href=\"https:\/\/www.villa-emma.eu\/fr\/produit\/cheque-cadeau-villa-emma-digitale-paiement-aussi-avec-eco-cheque\/\">\n\t\t\t\t\t\t<span class=\"elementor-button-content-wrapper\">\n\t\t\t\t\t\t\t\t\t<span class=\"elementor-button-text\">Cliquez ici pour choisir et acheter imm\u00e9diatement un cheque cadeau via notre boutique<\/span>\n\t\t\t\t\t<\/span>\n\t\t\t\t\t<\/a>\n\t\t\t\t<\/div>\n\t\t\t\t\t\t\t\t<\/div>\n\t\t\t\t<\/div>\n\t\t\t\t\t<\/div>\n\t\t<\/div>\n\t\t\t\t\t<\/div>\n\t\t<\/section>\n\t\t\t\t<section class=\"elementor-section elementor-top-section elementor-element elementor-element-7f5cdaaf elementor-section-boxed elementor-section-height-default elementor-section-height-default\" data-id=\"7f5cdaaf\" data-element_type=\"section\" data-e-type=\"section\">\n\t\t\t\t\t\t<div class=\"elementor-container elementor-column-gap-default\">\n\t\t\t\t\t<div class=\"elementor-column elementor-col-100 elementor-top-column elementor-element elementor-element-14e59de3\" data-id=\"14e59de3\" data-element_type=\"column\" data-e-type=\"column\">\n\t\t\t<div class=\"elementor-widget-wrap elementor-element-populated\">\n\t\t\t\t\t\t<div class=\"elementor-element elementor-element-3b4b43b0 elementor-widget elementor-widget-text-editor\" data-id=\"3b4b43b0\" data-element_type=\"widget\" data-e-type=\"widget\" data-widget_type=\"text-editor.default\">\n\t\t\t\t<div class=\"elementor-widget-container\">\n\t\t\t\t\t\t\t\t\t<p>Offrez un week-end de d\u00e9tente:<\/p><ul><li>arriver \u00e0 la Villa Emma et \u00eatre surpris avec une bouteille de bulles ou une s\u00e9lection de bi\u00e8res locales,<\/li><li>se promener dans le centre-ville de Gand,<\/li><li>une balade \u00e0 v\u00e9lo guid\u00e9e dans le centre-ville sur des routes o\u00f9 pratiquement aucun tourist ne vient,<\/li><li>\u00eatre conduit et aller cherch\u00e9 au restaurant \u00a0(un verre de vin est donc autoris\u00e9 &#8230;),<\/li><li>shopping dans les nombreuses rues et ruelles,<\/li><li>profiter d&rsquo;une promenade en bateau sur les voies navigables de Gand,<br \/>&#8230;<\/li><\/ul><p class=\"h1 h2 h3 h4\">VOUS VOULEZ OBTENIR VOTRE CARTE CADEAU NUM\u00c9RIQUEMENT (OU PAR POSTE) RAPIDEMENT? \u00a0FAIT LE CHOIX DU S\u00c9JOUR, FAIT LE PAIEMENT, CONFIRMEZ PAR MAIL ET RECEVEZ LE BON CADEAU NUM\u00c9RIQUE IMM\u00c9DIATEMENT.<\/p><p><span style=\"font-size: 12pt;\"><strong>1) S\u00e9lectionnez une chambre et le nombre de personnes (le ch\u00e8que-cadeau reste valable pendant deux ans, en basse et haute saison):<\/strong><\/span><\/p><table class=\"orange\" border=\"0\" rules=\"all\" cellpadding=\"5\" align=\"left\"><tbody><tr><td><span style=\"font-size: 12pt;\">\u00a0<\/span><\/td><td><span style=\"font-size: 12pt;\">2 personnes \u00a0\u00a0<\/span><\/td><td><span style=\"font-size: 12pt;\">3 personnes \u00a0\u00a0<\/span><\/td><td><span style=\"font-size: 12pt;\">4 personnes \u00a0\u00a0<\/span><\/td><\/tr><tr><td><span style=\"font-size: 12pt;\">Tilia &#8211; 1 nuit\u00e9e<\/span><\/td><td><span style=\"font-size: 12pt;\">135,- \u20ac<\/span><\/td><td><span style=\"font-size: 12pt;\">180,- \u20ac<\/span><\/td><td><span style=\"font-size: 12pt;\">225,- \u20ac<\/span><\/td><\/tr><tr><td><span style=\"font-size: 12pt;\">Acacia &#8211; 1 nuit\u00e9e<\/span><\/td><td><span style=\"font-size: 12pt;\">140,- \u20ac<\/span><\/td><td><span style=\"font-size: 12pt;\">185,- \u20ac<\/span><\/td><td><span style=\"font-size: 12pt;\">&#8211;<\/span><\/td><\/tr><tr><td><span style=\"font-size: 12pt;\">extra: v\u00e9los (par jour)<\/span><\/td><td><span style=\"font-size: 12pt;\">10,- \u20ac<\/span><\/td><td><span style=\"font-size: 12pt;\">15,- \u20ac<\/span><\/td><td><span style=\"font-size: 12pt;\">20,- \u20ac<\/span><\/td><\/tr><\/tbody><\/table><p><span style=\"font-size: 12pt;\"><strong>\u00a0<\/strong><strong>2) Payement:<\/strong><\/span><\/p><p><span style=\"font-size: 12pt;\">possibilit\u00e9 1:\u00a0par virement bancaire<\/span><\/p><p>Effectuez un virement sur le num\u00e9ro de compte de la Villa Emma (le re\u00e7u de paiement que vous envoyez par la poste):<\/p><p><span style=\"font-size: 12pt;\">IBAN BE43 0016 6002 9001<\/span><br \/><span style=\"font-size: 12pt;\">BIC: GEBABEBB<\/span><\/p><p><strong style=\"font-size: 12pt;\">3) Envoyez-nous un e-mail en indiquant votre choix (veuillez joindre le bordereau de virement)..<\/strong><span style=\"font-size: 12pt;\">\u00a0<\/span><\/p><p>et recevrez ensuite un bon cadeau num\u00e9rique (A4) que vous pourrez imprimer ainsi que la facture avec les d\u00e9tails de votre achat. Si vous souhaitez (\u00e9galement) recevoir le ch\u00e8que-cadeau par la poste, veuillez le mentionner dans votre e-mail.<\/p><p>Vous pouvez t\u00e9l\u00e9charger notre brochure ici (39 MB) : <a href=\"https:\/\/www.villa-emma.eu\/wp-content\/uploads\/2022\/05\/Villa-Emma-folder-print.pdf\" target=\"_blank\" rel=\"noopener\">Brochure Villa Emma A4<\/a><\/p>\t\t\t\t\t\t\t\t<\/div>\n\t\t\t\t<\/div>\n\t\t\t\t\t<\/div>\n\t\t<\/div>\n\t\t\t\t\t<\/div>\n\t\t<\/section>\n\t\t\t\t<\/div>\n\t\t","protected":false},"excerpt":{"rendered":"<p>Avec le ch\u00e8que-cadeau Villa-Emma, vous pouvez choisir le cadeau id\u00e9al: Cliquez ici pour choisir et acheter imm\u00e9diatement un cheque cadeau via notre boutique Offrez un week-end de d\u00e9tente: arriver \u00e0 la Villa Emma et \u00eatre surpris avec une bouteille de bulles ou une s\u00e9lection de bi\u00e8res locales, se promener dans [&hellip;]<\/p>\n","protected":false},"author":1,"featured_media":0,"parent":0,"menu_order":0,"comment_status":"closed","ping_status":"closed","template":"","meta":{"ngg_post_thumbnail":0,"footnotes":""},"class_list":["post-1907","page","type-page","status-publish","hentry"],"yoast_head":"<!-- This site is optimized with the Yoast SEO plugin v27.3 - https:\/\/yoast.com\/product\/yoast-seo-wordpress\/ -->\n<title>Cheque cadeau - Villa-Emma<\/title>\n<meta name=\"description\" content=\"R\u00e9server une nuit\u00e9e avec petit-d\u00e9jeuner dans une villa Art nouveau de 1909 \u00e0 Gand. Ou un forfait avec d\u00eener en ville et le lendemain, nous vous guidons une promenade \u00e0 v\u00e9lo ou une balade dans le vieux centre de notre ville: apprenez \u00e0 voir Gand comme nous m\u00eame ...\" \/>\n<meta name=\"robots\" content=\"index, follow, max-snippet:-1, max-image-preview:large, max-video-preview:-1\" \/>\n<link rel=\"canonical\" href=\"https:\/\/www.villa-emma.eu\/fr\/cheque-cadeau\/\" \/>\n<meta property=\"og:locale\" content=\"fr_FR\" \/>\n<meta property=\"og:type\" content=\"article\" \/>\n<meta property=\"og:title\" content=\"Cheque cadeau - Villa-Emma\" \/>\n<meta property=\"og:description\" content=\"R\u00e9server une nuit\u00e9e avec petit-d\u00e9jeuner dans une villa Art nouveau de 1909 \u00e0 Gand. Ou un forfait avec d\u00eener en ville et le lendemain, nous vous guidons une promenade \u00e0 v\u00e9lo ou une balade dans le vieux centre de notre ville: apprenez \u00e0 voir Gand comme nous m\u00eame ...\" \/>\n<meta property=\"og:url\" content=\"https:\/\/www.villa-emma.eu\/fr\/cheque-cadeau\/\" \/>\n<meta property=\"og:site_name\" content=\"Villa-Emma\" \/>\n<meta property=\"article:modified_time\" content=\"2024-12-28T19:25:20+00:00\" \/>\n<meta property=\"og:image\" content=\"https:\/\/www.villa-emma.eu\/wp-content\/uploads\/2017\/10\/opheliasfinks-e1511354174991.jpg\" \/>\n\t<meta property=\"og:image:width\" content=\"1054\" \/>\n\t<meta property=\"og:image:height\" content=\"700\" \/>\n\t<meta property=\"og:image:type\" content=\"image\/jpeg\" \/>\n<meta name=\"twitter:card\" content=\"summary_large_image\" \/>\n<meta name=\"twitter:label1\" content=\"Dur\u00e9e de lecture estim\u00e9e\" \/>\n\t<meta name=\"twitter:data1\" content=\"2 minutes\" \/>\n<script type=\"application\/ld+json\" class=\"yoast-schema-graph\">{\"@context\":\"https:\\\/\\\/schema.org\",\"@graph\":[{\"@type\":\"WebPage\",\"@id\":\"https:\\\/\\\/www.villa-emma.eu\\\/fr\\\/cheque-cadeau\\\/\",\"url\":\"https:\\\/\\\/www.villa-emma.eu\\\/fr\\\/cheque-cadeau\\\/\",\"name\":\"Cheque cadeau - Villa-Emma\",\"isPartOf\":{\"@id\":\"https:\\\/\\\/www.villa-emma.eu\\\/#website\"},\"primaryImageOfPage\":{\"@id\":\"https:\\\/\\\/www.villa-emma.eu\\\/fr\\\/cheque-cadeau\\\/#primaryimage\"},\"image\":{\"@id\":\"https:\\\/\\\/www.villa-emma.eu\\\/fr\\\/cheque-cadeau\\\/#primaryimage\"},\"thumbnailUrl\":\"https:\\\/\\\/www.villa-emma.eu\\\/wp-content\\\/uploads\\\/2017\\\/10\\\/opheliasfinks-1024x680.jpg\",\"datePublished\":\"2019-01-10T17:30:33+00:00\",\"dateModified\":\"2024-12-28T19:25:20+00:00\",\"description\":\"R\u00e9server une nuit\u00e9e avec petit-d\u00e9jeuner dans une villa Art nouveau de 1909 \u00e0 Gand. Ou un forfait avec d\u00eener en ville et le lendemain, nous vous guidons une promenade \u00e0 v\u00e9lo ou une balade dans le vieux centre de notre ville: apprenez \u00e0 voir Gand comme nous m\u00eame ...\",\"breadcrumb\":{\"@id\":\"https:\\\/\\\/www.villa-emma.eu\\\/fr\\\/cheque-cadeau\\\/#breadcrumb\"},\"inLanguage\":\"fr-FR\",\"potentialAction\":[{\"@type\":\"ReadAction\",\"target\":[\"https:\\\/\\\/www.villa-emma.eu\\\/fr\\\/cheque-cadeau\\\/\"]}]},{\"@type\":\"ImageObject\",\"inLanguage\":\"fr-FR\",\"@id\":\"https:\\\/\\\/www.villa-emma.eu\\\/fr\\\/cheque-cadeau\\\/#primaryimage\",\"url\":\"https:\\\/\\\/www.villa-emma.eu\\\/wp-content\\\/uploads\\\/2017\\\/10\\\/opheliasfinks-1024x680.jpg\",\"contentUrl\":\"https:\\\/\\\/www.villa-emma.eu\\\/wp-content\\\/uploads\\\/2017\\\/10\\\/opheliasfinks-1024x680.jpg\"},{\"@type\":\"BreadcrumbList\",\"@id\":\"https:\\\/\\\/www.villa-emma.eu\\\/fr\\\/cheque-cadeau\\\/#breadcrumb\",\"itemListElement\":[{\"@type\":\"ListItem\",\"position\":1,\"name\":\"Home\",\"item\":\"https:\\\/\\\/www.villa-emma.eu\\\/\"},{\"@type\":\"ListItem\",\"position\":2,\"name\":\"Cheque cadeau\"}]},{\"@type\":\"WebSite\",\"@id\":\"https:\\\/\\\/www.villa-emma.eu\\\/#website\",\"url\":\"https:\\\/\\\/www.villa-emma.eu\\\/\",\"name\":\"Villa-Emma\",\"description\":\"Op het kruispunt van Cultuur en Natuur\",\"publisher\":{\"@id\":\"https:\\\/\\\/www.villa-emma.eu\\\/#organization\"},\"potentialAction\":[{\"@type\":\"SearchAction\",\"target\":{\"@type\":\"EntryPoint\",\"urlTemplate\":\"https:\\\/\\\/www.villa-emma.eu\\\/?s={search_term_string}\"},\"query-input\":{\"@type\":\"PropertyValueSpecification\",\"valueRequired\":true,\"valueName\":\"search_term_string\"}}],\"inLanguage\":\"fr-FR\"},{\"@type\":\"Organization\",\"@id\":\"https:\\\/\\\/www.villa-emma.eu\\\/#organization\",\"name\":\"Villa Emma\",\"url\":\"https:\\\/\\\/www.villa-emma.eu\\\/\",\"logo\":{\"@type\":\"ImageObject\",\"inLanguage\":\"fr-FR\",\"@id\":\"https:\\\/\\\/www.villa-emma.eu\\\/#\\\/schema\\\/logo\\\/image\\\/\",\"url\":\"https:\\\/\\\/www.villa-emma.eu\\\/wp-content\\\/uploads\\\/2019\\\/02\\\/balk_logo_horizontaal-klein.png\",\"contentUrl\":\"https:\\\/\\\/www.villa-emma.eu\\\/wp-content\\\/uploads\\\/2019\\\/02\\\/balk_logo_horizontaal-klein.png\",\"width\":323,\"height\":100,\"caption\":\"Villa Emma\"},\"image\":{\"@id\":\"https:\\\/\\\/www.villa-emma.eu\\\/#\\\/schema\\\/logo\\\/image\\\/\"}}]}<\/script>\n<!-- \/ Yoast SEO plugin. -->","yoast_head_json":{"title":"Cheque cadeau - Villa-Emma","description":"R\u00e9server une nuit\u00e9e avec petit-d\u00e9jeuner dans une villa Art nouveau de 1909 \u00e0 Gand. Ou un forfait avec d\u00eener en ville et le lendemain, nous vous guidons une promenade \u00e0 v\u00e9lo ou une balade dans le vieux centre de notre ville: apprenez \u00e0 voir Gand comme nous m\u00eame ...","robots":{"index":"index","follow":"follow","max-snippet":"max-snippet:-1","max-image-preview":"max-image-preview:large","max-video-preview":"max-video-preview:-1"},"canonical":"https:\/\/www.villa-emma.eu\/fr\/cheque-cadeau\/","og_locale":"fr_FR","og_type":"article","og_title":"Cheque cadeau - Villa-Emma","og_description":"R\u00e9server une nuit\u00e9e avec petit-d\u00e9jeuner dans une villa Art nouveau de 1909 \u00e0 Gand. Ou un forfait avec d\u00eener en ville et le lendemain, nous vous guidons une promenade \u00e0 v\u00e9lo ou une balade dans le vieux centre de notre ville: apprenez \u00e0 voir Gand comme nous m\u00eame ...","og_url":"https:\/\/www.villa-emma.eu\/fr\/cheque-cadeau\/","og_site_name":"Villa-Emma","article_modified_time":"2024-12-28T19:25:20+00:00","og_image":[{"width":1054,"height":700,"url":"https:\/\/www.villa-emma.eu\/wp-content\/uploads\/2017\/10\/opheliasfinks-e1511354174991.jpg","type":"image\/jpeg"}],"twitter_card":"summary_large_image","twitter_misc":{"Dur\u00e9e de lecture estim\u00e9e":"2 minutes"},"schema":{"@context":"https:\/\/schema.org","@graph":[{"@type":"WebPage","@id":"https:\/\/www.villa-emma.eu\/fr\/cheque-cadeau\/","url":"https:\/\/www.villa-emma.eu\/fr\/cheque-cadeau\/","name":"Cheque cadeau - Villa-Emma","isPartOf":{"@id":"https:\/\/www.villa-emma.eu\/#website"},"primaryImageOfPage":{"@id":"https:\/\/www.villa-emma.eu\/fr\/cheque-cadeau\/#primaryimage"},"image":{"@id":"https:\/\/www.villa-emma.eu\/fr\/cheque-cadeau\/#primaryimage"},"thumbnailUrl":"https:\/\/www.villa-emma.eu\/wp-content\/uploads\/2017\/10\/opheliasfinks-1024x680.jpg","datePublished":"2019-01-10T17:30:33+00:00","dateModified":"2024-12-28T19:25:20+00:00","description":"R\u00e9server une nuit\u00e9e avec petit-d\u00e9jeuner dans une villa Art nouveau de 1909 \u00e0 Gand. Ou un forfait avec d\u00eener en ville et le lendemain, nous vous guidons une promenade \u00e0 v\u00e9lo ou une balade dans le vieux centre de notre ville: apprenez \u00e0 voir Gand comme nous m\u00eame ...","breadcrumb":{"@id":"https:\/\/www.villa-emma.eu\/fr\/cheque-cadeau\/#breadcrumb"},"inLanguage":"fr-FR","potentialAction":[{"@type":"ReadAction","target":["https:\/\/www.villa-emma.eu\/fr\/cheque-cadeau\/"]}]},{"@type":"ImageObject","inLanguage":"fr-FR","@id":"https:\/\/www.villa-emma.eu\/fr\/cheque-cadeau\/#primaryimage","url":"https:\/\/www.villa-emma.eu\/wp-content\/uploads\/2017\/10\/opheliasfinks-1024x680.jpg","contentUrl":"https:\/\/www.villa-emma.eu\/wp-content\/uploads\/2017\/10\/opheliasfinks-1024x680.jpg"},{"@type":"BreadcrumbList","@id":"https:\/\/www.villa-emma.eu\/fr\/cheque-cadeau\/#breadcrumb","itemListElement":[{"@type":"ListItem","position":1,"name":"Home","item":"https:\/\/www.villa-emma.eu\/"},{"@type":"ListItem","position":2,"name":"Cheque cadeau"}]},{"@type":"WebSite","@id":"https:\/\/www.villa-emma.eu\/#website","url":"https:\/\/www.villa-emma.eu\/","name":"Villa-Emma","description":"Op het kruispunt van Cultuur en Natuur","publisher":{"@id":"https:\/\/www.villa-emma.eu\/#organization"},"potentialAction":[{"@type":"SearchAction","target":{"@type":"EntryPoint","urlTemplate":"https:\/\/www.villa-emma.eu\/?s={search_term_string}"},"query-input":{"@type":"PropertyValueSpecification","valueRequired":true,"valueName":"search_term_string"}}],"inLanguage":"fr-FR"},{"@type":"Organization","@id":"https:\/\/www.villa-emma.eu\/#organization","name":"Villa Emma","url":"https:\/\/www.villa-emma.eu\/","logo":{"@type":"ImageObject","inLanguage":"fr-FR","@id":"https:\/\/www.villa-emma.eu\/#\/schema\/logo\/image\/","url":"https:\/\/www.villa-emma.eu\/wp-content\/uploads\/2019\/02\/balk_logo_horizontaal-klein.png","contentUrl":"https:\/\/www.villa-emma.eu\/wp-content\/uploads\/2019\/02\/balk_logo_horizontaal-klein.png","width":323,"height":100,"caption":"Villa Emma"},"image":{"@id":"https:\/\/www.villa-emma.eu\/#\/schema\/logo\/image\/"}}]}},"_links":{"self":[{"href":"https:\/\/www.villa-emma.eu\/fr\/wp-json\/wp\/v2\/pages\/1907","targetHints":{"allow":["GET"]}}],"collection":[{"href":"https:\/\/www.villa-emma.eu\/fr\/wp-json\/wp\/v2\/pages"}],"about":[{"href":"https:\/\/www.villa-emma.eu\/fr\/wp-json\/wp\/v2\/types\/page"}],"author":[{"embeddable":true,"href":"https:\/\/www.villa-emma.eu\/fr\/wp-json\/wp\/v2\/users\/1"}],"replies":[{"embeddable":true,"href":"https:\/\/www.villa-emma.eu\/fr\/wp-json\/wp\/v2\/comments?post=1907"}],"version-history":[{"count":27,"href":"https:\/\/www.villa-emma.eu\/fr\/wp-json\/wp\/v2\/pages\/1907\/revisions"}],"predecessor-version":[{"id":9605,"href":"https:\/\/www.villa-emma.eu\/fr\/wp-json\/wp\/v2\/pages\/1907\/revisions\/9605"}],"wp:attachment":[{"href":"https:\/\/www.villa-emma.eu\/fr\/wp-json\/wp\/v2\/media?parent=1907"}],"curies":[{"name":"wp","href":"https:\/\/api.w.org\/{rel}","templated":true}]}}